{"id":2864,"date":"2023-11-03T13:36:49","date_gmt":"2023-11-03T13:36:49","guid":{"rendered":"https:\/\/www.hidralgobel.com\/?page_id=2864"},"modified":"2024-10-28T14:58:26","modified_gmt":"2024-10-28T14:58:26","slug":"contacta-con-hidral-gobel","status":"publish","type":"page","link":"https:\/\/www.hidralgobel.com\/en\/contacta-con-hidral-gobel\/","title":{"rendered":"Contacta con Hidral Gobel"},"content":{"rendered":"\t\t<div data-elementor-type=\"wp-page\" data-elementor-id=\"2864\" class=\"elementor elementor-2864\" data-elementor-post-type=\"page\">\n\t\t\t\t\t\t<section class=\"elementor-section elementor-top-section elementor-element elementor-element-3af03651 elementor-section-height-min-height elementor-section-content-middle elementor-section-boxed elementor-section-height-default elementor-section-items-middle\" data-id=\"3af03651\" data-element_type=\"section\" data-e-type=\"section\" data-settings=\"{&quot;background_background&quot;:&quot;classic&quot;}\">\n\t\t\t\t\t\t\t<div class=\"elementor-background-overlay\"><\/div>\n\t\t\t\t\t\t\t<div class=\"elementor-container elementor-column-gap-default\">\n\t\t\t\t\t<div class=\"elementor-column elementor-col-100 elementor-top-column elementor-element elementor-element-5d002c09\" data-id=\"5d002c09\" data-element_type=\"column\" data-e-type=\"column\">\n\t\t\t<div class=\"elementor-widget-wrap elementor-element-populated\">\n\t\t\t\t\t\t<div class=\"elementor-element elementor-element-a88b4d3 elementor-widget elementor-widget-heading\" data-id=\"a88b4d3\" data-element_type=\"widget\" data-e-type=\"widget\" data-widget_type=\"heading.default\">\n\t\t\t\t<div class=\"elementor-widget-container\">\n\t\t\t\t\t<h2 class=\"elementor-heading-title elementor-size-default\">Contacta con nosotros <\/h2>\t\t\t\t<\/div>\n\t\t\t\t<\/div>\n\t\t\t\t<section class=\"elementor-section elementor-inner-section elementor-element elementor-element-f7fa2b2 elementor-section-boxed elementor-section-height-default elementor-section-height-default\" data-id=\"f7fa2b2\" data-element_type=\"section\" data-e-type=\"section\">\n\t\t\t\t\t\t<div class=\"elementor-container elementor-column-gap-default\">\n\t\t\t\t\t<div class=\"elementor-column elementor-col-50 elementor-inner-column elementor-element elementor-element-4b3b89a\" data-id=\"4b3b89a\" data-element_type=\"column\" data-e-type=\"column\">\n\t\t\t<div class=\"elementor-widget-wrap elementor-element-populated\">\n\t\t\t\t\t\t<div class=\"elementor-element elementor-element-aa300a7 elementor-widget elementor-widget-heading\" data-id=\"aa300a7\" data-element_type=\"widget\" data-e-type=\"widget\" data-widget_type=\"heading.default\">\n\t\t\t\t<div class=\"elementor-widget-container\">\n\t\t\t\t\t<h2 class=\"elementor-heading-title elementor-size-default\">Oficina<\/h2>\t\t\t\t<\/div>\n\t\t\t\t<\/div>\n\t\t\t\t<div class=\"elementor-element elementor-element-97b72e6 elementor-widget elementor-widget-spacer\" data-id=\"97b72e6\" data-element_type=\"widget\" data-e-type=\"widget\" data-widget_type=\"spacer.default\">\n\t\t\t\t<div class=\"elementor-widget-container\">\n\t\t\t\t\t\t\t<div class=\"elementor-spacer\">\n\t\t\t<div class=\"elementor-spacer-inner\"><\/div>\n\t\t<\/div>\n\t\t\t\t\t\t<\/div>\n\t\t\t\t<\/div>\n\t\t\t\t<div class=\"elementor-element elementor-element-73ecf44 elementor-widget elementor-widget-heading\" data-id=\"73ecf44\" data-element_type=\"widget\" data-e-type=\"widget\" data-widget_type=\"heading.default\">\n\t\t\t\t<div class=\"elementor-widget-container\">\n\t\t\t\t\t<h2 class=\"elementor-heading-title elementor-size-default\"><a href=\"https:\/\/maps.app.goo.gl\/LMUnJ3hi2X9iRPgVA\">C\/ Verano, 29\u201331, \n28850 Torrej\u00f3n de Ardoz (Madrid)\n\n<\/a><\/h2>\t\t\t\t<\/div>\n\t\t\t\t<\/div>\n\t\t\t\t<div class=\"elementor-element elementor-element-6424d83 elementor-widget elementor-widget-heading\" data-id=\"6424d83\" data-element_type=\"widget\" data-e-type=\"widget\" data-widget_type=\"heading.default\">\n\t\t\t\t<div class=\"elementor-widget-container\">\n\t\t\t\t\t<h2 class=\"elementor-heading-title elementor-size-default\"><a href=\"tel:+34%2091%20677%2000%2095\">Tel\u00e9fono: +34 91 677 00 95\n\n<\/a><\/h2>\t\t\t\t<\/div>\n\t\t\t\t<\/div>\n\t\t\t\t<div class=\"elementor-element elementor-element-1e28a6f elementor-widget elementor-widget-heading\" data-id=\"1e28a6f\" data-element_type=\"widget\" data-e-type=\"widget\" data-widget_type=\"heading.default\">\n\t\t\t\t<div class=\"elementor-widget-container\">\n\t\t\t\t\t<h2 class=\"elementor-heading-title elementor-size-default\">Mail: info@hidralgobel.com\n<\/h2>\t\t\t\t<\/div>\n\t\t\t\t<\/div>\n\t\t\t\t<div class=\"elementor-element elementor-element-bb5d2e4 elementor-widget elementor-widget-heading\" data-id=\"bb5d2e4\" data-element_type=\"widget\" data-e-type=\"widget\" data-widget_type=\"heading.default\">\n\t\t\t\t<div class=\"elementor-widget-container\">\n\t\t\t\t\t<h2 class=\"elementor-heading-title elementor-size-default\">F\u00e1brica<\/h2>\t\t\t\t<\/div>\n\t\t\t\t<\/div>\n\t\t\t\t<div class=\"elementor-element elementor-element-3017623 elementor-widget elementor-widget-spacer\" data-id=\"3017623\" data-element_type=\"widget\" data-e-type=\"widget\" data-widget_type=\"spacer.default\">\n\t\t\t\t<div class=\"elementor-widget-container\">\n\t\t\t\t\t\t\t<div class=\"elementor-spacer\">\n\t\t\t<div class=\"elementor-spacer-inner\"><\/div>\n\t\t<\/div>\n\t\t\t\t\t\t<\/div>\n\t\t\t\t<\/div>\n\t\t\t\t<div class=\"elementor-element elementor-element-5b86c7d elementor-widget elementor-widget-heading\" data-id=\"5b86c7d\" data-element_type=\"widget\" data-e-type=\"widget\" data-widget_type=\"heading.default\">\n\t\t\t\t<div class=\"elementor-widget-container\">\n\t\t\t\t\t<h2 class=\"elementor-heading-title elementor-size-default\"><a href=\"https:\/\/maps.app.goo.gl\/iAK141qjtohmsjN79\">Pol\u00edgono Carrascal, n\u00ba 9 NAVE 29\n01308-Lanciego (\u00c1lava)\n\n\n<\/a><\/h2>\t\t\t\t<\/div>\n\t\t\t\t<\/div>\n\t\t\t\t<div class=\"elementor-element elementor-element-18f0026 elementor-widget elementor-widget-heading\" data-id=\"18f0026\" data-element_type=\"widget\" data-e-type=\"widget\" data-widget_type=\"heading.default\">\n\t\t\t\t<div class=\"elementor-widget-container\">\n\t\t\t\t\t<h2 class=\"elementor-heading-title elementor-size-default\"><a href=\"tel:+34%20945%20625%20116\">Tel\u00e9fono: +34 945 625 116\n\n<\/a><\/h2>\t\t\t\t<\/div>\n\t\t\t\t<\/div>\n\t\t\t\t<div class=\"elementor-element elementor-element-152da46 elementor-widget elementor-widget-heading\" data-id=\"152da46\" data-element_type=\"widget\" data-e-type=\"widget\" data-widget_type=\"heading.default\">\n\t\t\t\t<div class=\"elementor-widget-container\">\n\t\t\t\t\t<h2 class=\"elementor-heading-title elementor-size-default\">Empresa matriz<\/h2>\t\t\t\t<\/div>\n\t\t\t\t<\/div>\n\t\t\t\t<div class=\"elementor-element elementor-element-40ad51f elementor-widget elementor-widget-spacer\" data-id=\"40ad51f\" data-element_type=\"widget\" data-e-type=\"widget\" data-widget_type=\"spacer.default\">\n\t\t\t\t<div class=\"elementor-widget-container\">\n\t\t\t\t\t\t\t<div class=\"elementor-spacer\">\n\t\t\t<div class=\"elementor-spacer-inner\"><\/div>\n\t\t<\/div>\n\t\t\t\t\t\t<\/div>\n\t\t\t\t<\/div>\n\t\t\t\t<div class=\"elementor-element elementor-element-de08e1f elementor-widget elementor-widget-heading\" data-id=\"de08e1f\" data-element_type=\"widget\" data-e-type=\"widget\" data-widget_type=\"heading.default\">\n\t\t\t\t<div class=\"elementor-widget-container\">\n\t\t\t\t\t<h2 class=\"elementor-heading-title elementor-size-default\"><a href=\"https:\/\/maps.app.goo.gl\/PhoxhmbaCi3ukr9d8\">HIDRAL, S.A.\nPol\u00edgono Industrial PARSI. Calle 7, n\u00ba 3\n41016-(Sevilla)\n\n<\/a><\/h2>\t\t\t\t<\/div>\n\t\t\t\t<\/div>\n\t\t\t\t<div class=\"elementor-element elementor-element-c008edc elementor-widget elementor-widget-heading\" data-id=\"c008edc\" data-element_type=\"widget\" data-e-type=\"widget\" data-widget_type=\"heading.default\">\n\t\t\t\t<div class=\"elementor-widget-container\">\n\t\t\t\t\t<h2 class=\"elementor-heading-title elementor-size-default\"><a href=\"tel:+34%20954%20514%20500\">Tel\u00e9fono: +34 954 514 500\n\n<\/a><\/h2>\t\t\t\t<\/div>\n\t\t\t\t<\/div>\n\t\t\t\t<div class=\"elementor-element elementor-element-828beea elementor-widget elementor-widget-heading\" data-id=\"828beea\" data-element_type=\"widget\" data-e-type=\"widget\" data-widget_type=\"heading.default\">\n\t\t\t\t<div class=\"elementor-widget-container\">\n\t\t\t\t\t<h2 class=\"elementor-heading-title elementor-size-default\">Mail: hidral@hidral.com\n<\/h2>\t\t\t\t<\/div>\n\t\t\t\t<\/div>\n\t\t\t\t\t<\/div>\n\t\t<\/div>\n\t\t\t\t<div class=\"elementor-column elementor-col-50 elementor-inner-column elementor-element elementor-element-b011d0f\" data-id=\"b011d0f\" data-element_type=\"column\" data-e-type=\"column\">\n\t\t\t<div class=\"elementor-widget-wrap elementor-element-populated\">\n\t\t\t\t\t\t<div class=\"elementor-element elementor-element-3b56264f elementor-button-align-stretch elementor-widget elementor-widget-form\" data-id=\"3b56264f\" data-element_type=\"widget\" data-e-type=\"widget\" data-settings=\"{&quot;step_next_label&quot;:&quot;Next&quot;,&quot;step_previous_label&quot;:&quot;Previous&quot;,&quot;button_width&quot;:&quot;100&quot;,&quot;step_type&quot;:&quot;number_text&quot;,&quot;step_icon_shape&quot;:&quot;circle&quot;}\" data-widget_type=\"form.default\">\n\t\t\t\t<div class=\"elementor-widget-container\">\n\t\t\t\t\t\t\t<form class=\"elementor-form\" method=\"post\" name=\"Balletto Booking Form\" aria-label=\"Balletto Booking Form\">\n\t\t\t<input type=\"hidden\" name=\"post_id\" value=\"2864\"\/>\n\t\t\t<input type=\"hidden\" name=\"form_id\" value=\"3b56264f\"\/>\n\t\t\t<input type=\"hidden\" name=\"referer_title\" value=\"Contacta con Hidral Gobel - Hidral Gobel\" \/>\n\n\t\t\t\t\t\t\t<input type=\"hidden\" name=\"queried_id\" value=\"2864\"\/>\n\t\t\t\n\t\t\t<div class=\"elementor-form-fields-wrapper elementor-labels-\">\n\t\t\t\t\t\t\t\t<div class=\"elementor-field-type-text elementor-field-group elementor-column elementor-field-group-email elementor-col-100 elementor-field-required\">\n\t\t\t\t\t\t\t\t\t\t\t\t<label for=\"form-field-email\" class=\"elementor-field-label elementor-screen-only\">\n\t\t\t\t\t\t\t\tName\t\t\t\t\t\t\t<\/label>\n\t\t\t\t\t\t\t\t\t\t\t\t\t\t<input size=\"1\" type=\"text\" name=\"form_fields[email]\" id=\"form-field-email\" class=\"elementor-field elementor-size-lg  elementor-field-textual\" placeholder=\"Nombre y apellidos\" required=\"required\">\n\t\t\t\t\t\t\t\t\t\t\t<\/div>\n\t\t\t\t\t\t\t\t<div class=\"elementor-field-type-text elementor-field-group elementor-column elementor-field-group-field_cd6279b elementor-col-100 elementor-field-required\">\n\t\t\t\t\t\t\t\t\t\t\t\t<label for=\"form-field-field_cd6279b\" class=\"elementor-field-label elementor-screen-only\">\n\t\t\t\t\t\t\t\tName\t\t\t\t\t\t\t<\/label>\n\t\t\t\t\t\t\t\t\t\t\t\t\t\t<input size=\"1\" type=\"text\" name=\"form_fields[field_cd6279b]\" id=\"form-field-field_cd6279b\" class=\"elementor-field elementor-size-lg  elementor-field-textual\" placeholder=\"Empresa\" required=\"required\">\n\t\t\t\t\t\t\t\t\t\t\t<\/div>\n\t\t\t\t\t\t\t\t<div class=\"elementor-field-type-email elementor-field-group elementor-column elementor-field-group-field_613eb8a elementor-col-50 elementor-field-required\">\n\t\t\t\t\t\t\t\t\t\t\t\t<label for=\"form-field-field_613eb8a\" class=\"elementor-field-label elementor-screen-only\">\n\t\t\t\t\t\t\t\tEmail\t\t\t\t\t\t\t<\/label>\n\t\t\t\t\t\t\t\t\t\t\t\t\t\t<input size=\"1\" type=\"email\" name=\"form_fields[field_613eb8a]\" id=\"form-field-field_613eb8a\" class=\"elementor-field elementor-size-lg  elementor-field-textual\" placeholder=\"Email\" required=\"required\">\n\t\t\t\t\t\t\t\t\t\t\t<\/div>\n\t\t\t\t\t\t\t\t<div class=\"elementor-field-type-text elementor-field-group elementor-column elementor-field-group-field_4b963c4 elementor-col-50 elementor-field-required\">\n\t\t\t\t\t\t\t\t\t\t\t\t<label for=\"form-field-field_4b963c4\" class=\"elementor-field-label elementor-screen-only\">\n\t\t\t\t\t\t\t\tAsunto\t\t\t\t\t\t\t<\/label>\n\t\t\t\t\t\t\t\t\t\t\t\t\t\t<input size=\"1\" type=\"text\" name=\"form_fields[field_4b963c4]\" id=\"form-field-field_4b963c4\" class=\"elementor-field elementor-size-lg  elementor-field-textual\" placeholder=\"Asunto\" required=\"required\">\n\t\t\t\t\t\t\t\t\t\t\t<\/div>\n\t\t\t\t\t\t\t\t<div class=\"elementor-field-type-textarea elementor-field-group elementor-column elementor-field-group-field_4e86999 elementor-col-100 elementor-field-required\">\n\t\t\t\t\t\t\t\t\t\t\t\t<label for=\"form-field-field_4e86999\" class=\"elementor-field-label elementor-screen-only\">\n\t\t\t\t\t\t\t\tMessage\t\t\t\t\t\t\t<\/label>\n\t\t\t\t\t\t<textarea class=\"elementor-field-textual elementor-field  elementor-size-lg\" name=\"form_fields[field_4e86999]\" id=\"form-field-field_4e86999\" rows=\"11\" placeholder=\"Mensaje\" required=\"required\"><\/textarea>\t\t\t\t<\/div>\n\t\t\t\t\t\t\t\t<div class=\"elementor-field-type-acceptance elementor-field-group elementor-column elementor-field-group-field_c467f20 elementor-col-100 elementor-field-required\">\n\t\t\t\t\t\t\t\t\t\t\t\t<label for=\"form-field-field_c467f20\" class=\"elementor-field-label elementor-screen-only\">\n\t\t\t\t\t\t\t\tMessage\t\t\t\t\t\t\t<\/label>\n\t\t\t\t\t\t\t\t<div class=\"elementor-field-subgroup\">\n\t\t\t<span class=\"elementor-field-option\">\n\t\t\t\t<input type=\"checkbox\" name=\"form_fields[field_c467f20]\" id=\"form-field-field_c467f20\" class=\"elementor-field elementor-size-lg  elementor-acceptance-field\" required=\"required\" checked=\"checked\">\n\t\t\t\t<label for=\"form-field-field_c467f20\">Acepto la pol\u00edtica de privacidad.<\/label>\t\t\t<\/span>\n\t\t<\/div>\n\t\t\t\t\t\t<\/div>\n\t\t\t\t\t\t\t\t<div class=\"elementor-field-type-recaptcha_v3 elementor-field-group elementor-column elementor-field-group-field_040518b elementor-col-100 recaptcha_v3-bottomright\">\n\t\t\t\t\t<div class=\"elementor-field\" id=\"form-field-field_040518b\"><div class=\"elementor-g-recaptcha\" data-sitekey=\"6Le4yK8oAAAAAHoHy4bxZDBApmUrA2yCTjzXesD_\" data-type=\"v3\" data-action=\"Form\" data-badge=\"bottomright\" data-size=\"invisible\"><\/div><\/div>\t\t\t\t<\/div>\n\t\t\t\t\t\t\t\t<div class=\"elementor-field-group elementor-column elementor-field-type-submit elementor-col-100 e-form__buttons\">\n\t\t\t\t\t<button class=\"elementor-button elementor-size-lg elementor-animation-shrink\" type=\"submit\">\n\t\t\t\t\t\t<span class=\"elementor-button-content-wrapper\">\n\t\t\t\t\t\t\t\t\t\t\t\t\t\t\t<span class=\"elementor-button-icon\">\n\t\t\t\t\t\t\t\t\t<i aria-hidden=\"true\" class=\"fas fa-long-arrow-alt-right\"><\/i>\t\t\t\t\t\t\t\t\t\t\t\t\t\t\t\t\t<\/span>\n\t\t\t\t\t\t\t\t\t\t\t\t\t\t\t\t\t\t\t\t\t\t<span class=\"elementor-button-text\">Enviar<\/span>\n\t\t\t\t\t\t\t\t\t\t\t\t\t<\/span>\n\t\t\t\t\t<\/button>\n\t\t\t\t<\/div>\n\t\t\t<\/div>\n\t\t<\/form>\n\t\t\t\t\t\t<\/div>\n\t\t\t\t<\/div>\n\t\t\t\t\t<\/div>\n\t\t<\/div>\n\t\t\t\t\t<\/div>\n\t\t<\/section>\n\t\t\t\t<section class=\"elementor-section elementor-inner-section elementor-element elementor-element-8631722 elementor-reverse-tablet elementor-reverse-mobile elementor-section-boxed elementor-section-height-default elementor-section-height-default\" data-id=\"8631722\" data-element_type=\"section\" data-e-type=\"section\">\n\t\t\t\t\t\t<div class=\"elementor-container elementor-column-gap-default\">\n\t\t\t\t\t<div class=\"elementor-column elementor-col-100 elementor-inner-column elementor-element elementor-element-3ee7d74d elementor-invisible\" data-id=\"3ee7d74d\" data-element_type=\"column\" data-e-type=\"column\" data-settings=\"{&quot;animation&quot;:&quot;fadeInRight&quot;}\">\n\t\t\t<div class=\"elementor-widget-wrap\">\n\t\t\t\t\t\t\t<\/div>\n\t\t<\/div>\n\t\t\t\t\t<\/div>\n\t\t<\/section>\n\t\t\t\t\t<\/div>\n\t\t<\/div>\n\t\t\t\t\t<\/div>\n\t\t<\/section>\n\t\t\t\t<\/div>\n\t\t","protected":false},"excerpt":{"rendered":"<p>Contacta con nosotros Oficina C\/ Verano, 29\u201331, 28850 Torrej\u00f3n de Ardoz (Madrid) Tel\u00e9fono: +34 91 677 00 95 Mail: info@hidralgobel.com F\u00e1brica Pol\u00edgono Carrascal, n\u00ba 9 NAVE 29 01308-Lanciego (\u00c1lava) Tel\u00e9fono: +34 945 625 116 Empresa matriz HIDRAL, S.A. Pol\u00edgono Industrial PARSI. Calle 7, n\u00ba 3 41016-(Sevilla) Tel\u00e9fono: +34 954 514 500 Mail: hidral@hidral.com<\/p>","protected":false},"author":1,"featured_media":1158,"parent":0,"menu_order":0,"comment_status":"closed","ping_status":"closed","template":"","meta":{"footnotes":""},"class_list":["post-2864","page","type-page","status-publish","has-post-thumbnail","hentry"],"yoast_head":"<!-- This site is optimized with the Yoast SEO plugin v27.4 - https:\/\/yoast.com\/product\/yoast-seo-wordpress\/ -->\n<title>Contacta con Hidral Gobel - Hidral Gobel<\/title>\n<meta name=\"description\" content=\"Contacta con Hidral Gobel, estaremos encantados de atenderte. Visita nuestras oficinas y conoce nuestro cat\u00e1logo de productos.\" \/>\n<meta name=\"robots\" content=\"index, follow, max-snippet:-1, max-image-preview:large, max-video-preview:-1\" \/>\n<link rel=\"canonical\" href=\"https:\/\/www.hidralgobel.com\/en\/contacta-con-hidral-gobel\/\" \/>\n<meta property=\"og:locale\" content=\"en_GB\" \/>\n<meta property=\"og:type\" content=\"article\" \/>\n<meta property=\"og:title\" content=\"Contacta con Hidral Gobel - Hidral Gobel\" \/>\n<meta property=\"og:description\" content=\"Contacta con Hidral Gobel, estaremos encantados de atenderte. Visita nuestras oficinas y conoce nuestro cat\u00e1logo de productos.\" \/>\n<meta property=\"og:url\" content=\"https:\/\/www.hidralgobel.com\/en\/contacta-con-hidral-gobel\/\" \/>\n<meta property=\"og:site_name\" content=\"Hidral Gobel\" \/>\n<meta property=\"article:modified_time\" content=\"2024-10-28T14:58:26+00:00\" \/>\n<meta property=\"og:image\" content=\"https:\/\/www.hidralgobel.com\/wp-content\/uploads\/2023\/07\/DSC02193-scaled.jpg\" \/>\n\t<meta property=\"og:image:width\" content=\"2560\" \/>\n\t<meta property=\"og:image:height\" content=\"1707\" \/>\n\t<meta property=\"og:image:type\" content=\"image\/jpeg\" \/>\n<meta name=\"twitter:card\" content=\"summary_large_image\" \/>\n<meta name=\"twitter:label1\" content=\"Estimated reading time\" \/>\n\t<meta name=\"twitter:data1\" content=\"1 minute\" \/>\n<script type=\"application\/ld+json\" class=\"yoast-schema-graph\">{\"@context\":\"https:\\\/\\\/schema.org\",\"@graph\":[{\"@type\":\"WebPage\",\"@id\":\"https:\\\/\\\/www.hidralgobel.com\\\/contacta-con-hidral-gobel\\\/\",\"url\":\"https:\\\/\\\/www.hidralgobel.com\\\/contacta-con-hidral-gobel\\\/\",\"name\":\"Contacta con Hidral Gobel - Hidral Gobel\",\"isPartOf\":{\"@id\":\"https:\\\/\\\/www.hidralgobel.com\\\/#website\"},\"primaryImageOfPage\":{\"@id\":\"https:\\\/\\\/www.hidralgobel.com\\\/contacta-con-hidral-gobel\\\/#primaryimage\"},\"image\":{\"@id\":\"https:\\\/\\\/www.hidralgobel.com\\\/contacta-con-hidral-gobel\\\/#primaryimage\"},\"thumbnailUrl\":\"https:\\\/\\\/www.hidralgobel.com\\\/wp-content\\\/uploads\\\/2023\\\/07\\\/DSC02193-scaled.jpg\",\"datePublished\":\"2023-11-03T13:36:49+00:00\",\"dateModified\":\"2024-10-28T14:58:26+00:00\",\"description\":\"Contacta con Hidral Gobel, estaremos encantados de atenderte. Visita nuestras oficinas y conoce nuestro cat\u00e1logo de productos.\",\"breadcrumb\":{\"@id\":\"https:\\\/\\\/www.hidralgobel.com\\\/contacta-con-hidral-gobel\\\/#breadcrumb\"},\"inLanguage\":\"en-GB\",\"potentialAction\":[{\"@type\":\"ReadAction\",\"target\":[\"https:\\\/\\\/www.hidralgobel.com\\\/contacta-con-hidral-gobel\\\/\"]}]},{\"@type\":\"ImageObject\",\"inLanguage\":\"en-GB\",\"@id\":\"https:\\\/\\\/www.hidralgobel.com\\\/contacta-con-hidral-gobel\\\/#primaryimage\",\"url\":\"https:\\\/\\\/www.hidralgobel.com\\\/wp-content\\\/uploads\\\/2023\\\/07\\\/DSC02193-scaled.jpg\",\"contentUrl\":\"https:\\\/\\\/www.hidralgobel.com\\\/wp-content\\\/uploads\\\/2023\\\/07\\\/DSC02193-scaled.jpg\",\"width\":2560,\"height\":1707,\"caption\":\"Contacta con Hidral Gobel\"},{\"@type\":\"BreadcrumbList\",\"@id\":\"https:\\\/\\\/www.hidralgobel.com\\\/contacta-con-hidral-gobel\\\/#breadcrumb\",\"itemListElement\":[{\"@type\":\"ListItem\",\"position\":1,\"name\":\"Portada\",\"item\":\"https:\\\/\\\/www.hidralgobel.com\\\/\"},{\"@type\":\"ListItem\",\"position\":2,\"name\":\"Contacta con Hidral Gobel\"}]},{\"@type\":\"WebSite\",\"@id\":\"https:\\\/\\\/www.hidralgobel.com\\\/#website\",\"url\":\"https:\\\/\\\/www.hidralgobel.com\\\/\",\"name\":\"Hidral Gobel\",\"description\":\"Fabricamos soluciones de accesibilidad   para los viajeros con movilidad reducida.\",\"publisher\":{\"@id\":\"https:\\\/\\\/www.hidralgobel.com\\\/#organization\"},\"potentialAction\":[{\"@type\":\"SearchAction\",\"target\":{\"@type\":\"EntryPoint\",\"urlTemplate\":\"https:\\\/\\\/www.hidralgobel.com\\\/?s={search_term_string}\"},\"query-input\":{\"@type\":\"PropertyValueSpecification\",\"valueRequired\":true,\"valueName\":\"search_term_string\"}}],\"inLanguage\":\"en-GB\"},{\"@type\":\"Organization\",\"@id\":\"https:\\\/\\\/www.hidralgobel.com\\\/#organization\",\"name\":\"Hidral Gobel\",\"url\":\"https:\\\/\\\/www.hidralgobel.com\\\/\",\"logo\":{\"@type\":\"ImageObject\",\"inLanguage\":\"en-GB\",\"@id\":\"https:\\\/\\\/www.hidralgobel.com\\\/#\\\/schema\\\/logo\\\/image\\\/\",\"url\":\"https:\\\/\\\/www.hidralgobel.com\\\/wp-content\\\/uploads\\\/2023\\\/04\\\/Logotipo-Hidral-Gobel-2023_sin-fondo.png\",\"contentUrl\":\"https:\\\/\\\/www.hidralgobel.com\\\/wp-content\\\/uploads\\\/2023\\\/04\\\/Logotipo-Hidral-Gobel-2023_sin-fondo.png\",\"width\":1754,\"height\":1241,\"caption\":\"Hidral Gobel\"},\"image\":{\"@id\":\"https:\\\/\\\/www.hidralgobel.com\\\/#\\\/schema\\\/logo\\\/image\\\/\"}}]}<\/script>\n<!-- \/ Yoast SEO plugin. -->","yoast_head_json":{"title":"Contacta con Hidral Gobel - Hidral Gobel","description":"Contacta con Hidral Gobel, estaremos encantados de atenderte. Visita nuestras oficinas y conoce nuestro cat\u00e1logo de productos.","robots":{"index":"index","follow":"follow","max-snippet":"max-snippet:-1","max-image-preview":"max-image-preview:large","max-video-preview":"max-video-preview:-1"},"canonical":"https:\/\/www.hidralgobel.com\/en\/contacta-con-hidral-gobel\/","og_locale":"en_GB","og_type":"article","og_title":"Contacta con Hidral Gobel - Hidral Gobel","og_description":"Contacta con Hidral Gobel, estaremos encantados de atenderte. Visita nuestras oficinas y conoce nuestro cat\u00e1logo de productos.","og_url":"https:\/\/www.hidralgobel.com\/en\/contacta-con-hidral-gobel\/","og_site_name":"Hidral Gobel","article_modified_time":"2024-10-28T14:58:26+00:00","og_image":[{"width":2560,"height":1707,"url":"https:\/\/www.hidralgobel.com\/wp-content\/uploads\/2023\/07\/DSC02193-scaled.jpg","type":"image\/jpeg"}],"twitter_card":"summary_large_image","twitter_misc":{"Estimated reading time":"1 minute"},"schema":{"@context":"https:\/\/schema.org","@graph":[{"@type":"WebPage","@id":"https:\/\/www.hidralgobel.com\/contacta-con-hidral-gobel\/","url":"https:\/\/www.hidralgobel.com\/contacta-con-hidral-gobel\/","name":"Contacta con Hidral Gobel - Hidral Gobel","isPartOf":{"@id":"https:\/\/www.hidralgobel.com\/#website"},"primaryImageOfPage":{"@id":"https:\/\/www.hidralgobel.com\/contacta-con-hidral-gobel\/#primaryimage"},"image":{"@id":"https:\/\/www.hidralgobel.com\/contacta-con-hidral-gobel\/#primaryimage"},"thumbnailUrl":"https:\/\/www.hidralgobel.com\/wp-content\/uploads\/2023\/07\/DSC02193-scaled.jpg","datePublished":"2023-11-03T13:36:49+00:00","dateModified":"2024-10-28T14:58:26+00:00","description":"Contacta con Hidral Gobel, estaremos encantados de atenderte. Visita nuestras oficinas y conoce nuestro cat\u00e1logo de productos.","breadcrumb":{"@id":"https:\/\/www.hidralgobel.com\/contacta-con-hidral-gobel\/#breadcrumb"},"inLanguage":"en-GB","potentialAction":[{"@type":"ReadAction","target":["https:\/\/www.hidralgobel.com\/contacta-con-hidral-gobel\/"]}]},{"@type":"ImageObject","inLanguage":"en-GB","@id":"https:\/\/www.hidralgobel.com\/contacta-con-hidral-gobel\/#primaryimage","url":"https:\/\/www.hidralgobel.com\/wp-content\/uploads\/2023\/07\/DSC02193-scaled.jpg","contentUrl":"https:\/\/www.hidralgobel.com\/wp-content\/uploads\/2023\/07\/DSC02193-scaled.jpg","width":2560,"height":1707,"caption":"Contacta con Hidral Gobel"},{"@type":"BreadcrumbList","@id":"https:\/\/www.hidralgobel.com\/contacta-con-hidral-gobel\/#breadcrumb","itemListElement":[{"@type":"ListItem","position":1,"name":"Portada","item":"https:\/\/www.hidralgobel.com\/"},{"@type":"ListItem","position":2,"name":"Contacta con Hidral Gobel"}]},{"@type":"WebSite","@id":"https:\/\/www.hidralgobel.com\/#website","url":"https:\/\/www.hidralgobel.com\/","name":"Hidral Gobel","description":"Fabricamos soluciones de accesibilidad   para los viajeros con movilidad reducida.","publisher":{"@id":"https:\/\/www.hidralgobel.com\/#organization"},"potentialAction":[{"@type":"SearchAction","target":{"@type":"EntryPoint","urlTemplate":"https:\/\/www.hidralgobel.com\/?s={search_term_string}"},"query-input":{"@type":"PropertyValueSpecification","valueRequired":true,"valueName":"search_term_string"}}],"inLanguage":"en-GB"},{"@type":"Organization","@id":"https:\/\/www.hidralgobel.com\/#organization","name":"Hidral Gobel","url":"https:\/\/www.hidralgobel.com\/","logo":{"@type":"ImageObject","inLanguage":"en-GB","@id":"https:\/\/www.hidralgobel.com\/#\/schema\/logo\/image\/","url":"https:\/\/www.hidralgobel.com\/wp-content\/uploads\/2023\/04\/Logotipo-Hidral-Gobel-2023_sin-fondo.png","contentUrl":"https:\/\/www.hidralgobel.com\/wp-content\/uploads\/2023\/04\/Logotipo-Hidral-Gobel-2023_sin-fondo.png","width":1754,"height":1241,"caption":"Hidral Gobel"},"image":{"@id":"https:\/\/www.hidralgobel.com\/#\/schema\/logo\/image\/"}}]}},"_links":{"self":[{"href":"https:\/\/www.hidralgobel.com\/en\/wp-json\/wp\/v2\/pages\/2864","targetHints":{"allow":["GET"]}}],"collection":[{"href":"https:\/\/www.hidralgobel.com\/en\/wp-json\/wp\/v2\/pages"}],"about":[{"href":"https:\/\/www.hidralgobel.com\/en\/wp-json\/wp\/v2\/types\/page"}],"author":[{"embeddable":true,"href":"https:\/\/www.hidralgobel.com\/en\/wp-json\/wp\/v2\/users\/1"}],"replies":[{"embeddable":true,"href":"https:\/\/www.hidralgobel.com\/en\/wp-json\/wp\/v2\/comments?post=2864"}],"version-history":[{"count":32,"href":"https:\/\/www.hidralgobel.com\/en\/wp-json\/wp\/v2\/pages\/2864\/revisions"}],"predecessor-version":[{"id":4186,"href":"https:\/\/www.hidralgobel.com\/en\/wp-json\/wp\/v2\/pages\/2864\/revisions\/4186"}],"wp:featuredmedia":[{"embeddable":true,"href":"https:\/\/www.hidralgobel.com\/en\/wp-json\/wp\/v2\/media\/1158"}],"wp:attachment":[{"href":"https:\/\/www.hidralgobel.com\/en\/wp-json\/wp\/v2\/media?parent=2864"}],"curies":[{"name":"wp","href":"https:\/\/api.w.org\/{rel}","templated":true}]}}