{"id":2097,"date":"2023-09-19T08:56:42","date_gmt":"2023-09-19T08:56:42","guid":{"rendered":"https:\/\/cronicai-cp43.wordpresstemporal.com\/hidral\/?page_id=2097"},"modified":"2023-09-19T08:59:42","modified_gmt":"2023-09-19T08:59:42","slug":"politica-de-privacidad","status":"publish","type":"page","link":"https:\/\/www.hidralgobel.com\/fr\/politica-de-privacidad\/","title":{"rendered":"Politique de confidentialit\u00e9"},"content":{"rendered":"<div data-elementor-type=\"wp-page\" data-elementor-id=\"2097\" class=\"elementor elementor-2097\" data-elementor-post-type=\"page\">\n\t\t\t\t\t\t<section class=\"elementor-section elementor-top-section elementor-element elementor-element-a0e4f8e elementor-section-boxed elementor-section-height-default elementor-section-height-default\" data-id=\"a0e4f8e\" data-element_type=\"section\" data-e-type=\"section\">\n\t\t\t\t\t\t<div class=\"elementor-container elementor-column-gap-default\">\n\t\t\t\t\t<div class=\"elementor-column elementor-col-100 elementor-top-column elementor-element elementor-element-a592ce6\" data-id=\"a592ce6\" data-element_type=\"column\" data-e-type=\"column\">\n\t\t\t<div class=\"elementor-widget-wrap elementor-element-populated\">\n\t\t\t\t\t\t<div class=\"elementor-element elementor-element-9a9ff08 elementor-widget elementor-widget-heading\" data-id=\"9a9ff08\" data-element_type=\"widget\" data-e-type=\"widget\" data-widget_type=\"heading.default\">\n\t\t\t\t<div class=\"elementor-widget-container\">\n\t\t\t\t\t<h2 class=\"elementor-heading-title elementor-size-default\">Politique de confidentialit\u00e9<\/h2>\t\t\t\t<\/div>\n\t\t\t\t<\/div>\n\t\t\t\t<div class=\"elementor-element elementor-element-cbf085f elementor-widget elementor-widget-spacer\" data-id=\"cbf085f\" data-element_type=\"widget\" data-e-type=\"widget\" data-widget_type=\"spacer.default\">\n\t\t\t\t<div class=\"elementor-widget-container\">\n\t\t\t\t\t\t\t<div class=\"elementor-spacer\">\n\t\t\t<div class=\"elementor-spacer-inner\"><\/div>\n\t\t<\/div>\n\t\t\t\t\t\t<\/div>\n\t\t\t\t<\/div>\n\t\t\t\t<div class=\"elementor-element elementor-element-c4d4f0b elementor-widget elementor-widget-text-editor\" data-id=\"c4d4f0b\" data-element_type=\"widget\" data-e-type=\"widget\" data-widget_type=\"text-editor.default\">\n\t\t\t\t<div class=\"elementor-widget-container\">\n\t\t\t\t\t\t\t\t\t<h4>Responsable del tratamiento<\/h4><p>Hidral Gobel S.L.U.<br \/>NIF: B-01386218<br \/>Sede Social: Pol\u00edgono Industrial PARSI, calle 7, n\u00ba 3 \u00b7 41016 \u00b7 Sevilla (Espa\u00f1a)<\/p><p>Tel\u00e9fono: +34 91 677 00 95<br \/>Fax: +34 91 677 12 50<br \/>E-mail:\u00a0<a href=\"mailto:info@hidralgobel.com\">info@hidralgobel.com<\/a><\/p><h4>Finalidad del tratamiento<\/h4><p>Hidral Gobel S.L.U. se trata la informaci\u00f3n que nos facilita con la finalidad de gestionar la relaci\u00f3n contractual que nos une, realizar el env\u00edo de la informaci\u00f3n que nos solicita, facilitar a los interesados ofertas de nuestros productos y\/o servicios que pueden ser de su inter\u00e9s o gestionar su candidatura a ofertas de empleo.<\/p><p><strong>Conservaci\u00f3n de sus datos personales<\/strong><\/p><p>Los datos personales que nos proporcione se conservar\u00e1n mientras se mantenga la relaci\u00f3n contractual o durante el tiempo necesario para cumplir con las obligaciones legales.<\/p><p><strong>Legitimaci\u00f3n para el tratamiento de sus datos<\/strong><\/p><p>Hidral Gobel S.L.U. est\u00e1 legitimado para el tratamiento de sus datos personales, en base al consentimiento otorgado por el interesado para uno o varios fines espec\u00edficos y\/o para la ejecuci\u00f3n de una relaci\u00f3n contractual potencial o suscrita, tal y como recoge el art\u00edculo 6.1. del RGPD.<\/p><p><strong>Destinatarios<\/strong><\/p><p>Los datos personales suministrados no ser\u00e1n cedidos o comunicados a terceros, salvo en los supuestos necesarios para el desarrollo, control y cumplimiento de la\/s finalidad\/es expresada\/s, en los supuestos previstos seg\u00fan Ley, as\u00ed como en los casos espec\u00edficos de los que se informe expresamente al usuario.\u00a0<br \/>Derechos de los usuarios<\/p><p>El titular de los datos personales podr\u00e1 ejercitar los derechos que le asisten, que seg\u00fan el RGPD son los siguientes:<\/p><ul><li>Derecho a solicitar el acceso a los datos personales relativos al interesado<\/li><li>Derecho a solicitar su rectificaci\u00f3n o supresi\u00f3n<\/li><li>Derecho a solicitar la limitaci\u00f3n de su tratamiento<\/li><li>Derecho a oponerse al tratamiento<\/li><li>Derecho a la portabilidad de los datos<\/li><\/ul><p>El titular podr\u00e1 ejercer tales derechos dirigiendo una comunicaci\u00f3n por escrito al domicilio social de Hidral Gobel S.L.U.o al correo electr\u00f3nico de Hidral Gobel S.L.U.\u00a0<a href=\"mailto:info@hidralgobel.com\">info@hidralgobel.com<\/a>, incluyendo en ambos casos fotocopia de su DNI u otro documento de identificaci\u00f3n equivalente.<\/p><p><strong>Actualizaci\u00f3n de la informaci\u00f3n<\/strong><\/p><p>El usuario deber\u00e1 comunicar las modificaciones en los datos suministrados con el fin de que Hidral Gobel S.L.U. pueda mantener la informaci\u00f3n debidamente actualizada.<\/p><p><strong>Seguridad de los datos<\/strong><\/p><p>Con el objetivo de garantizar la seguridad de sus datos personales, Hidral Gobel S.L.U. ha adoptado las medidas t\u00e9cnicas y organizativas necesarias para conseguir un nivel de seguridad adecuado a la informaci\u00f3n suministrada, evitando as\u00ed su alteraci\u00f3n, p\u00e9rdida y accesos no autorizados.<\/p><p><strong>Contact<\/strong><\/p><p>Si tiene alguna duda o reclamaci\u00f3n sobre la pol\u00edtica y pr\u00e1cticas de privacidad de Hidral Gobel S.L.U. puede contactar con nosotros mediante la direcci\u00f3n de correo\u00a0<a href=\"mailto:info@hidralgobel.com\">info@hidralgobel.com<\/a>.<br \/>\u00a0<br \/>Hidral Gobel S.L.U. se reserva el derecho de modificar esta pol\u00edtica con el objeto de adaptarla a novedades legislativas, criterios jurisprudenciales, pr\u00e1cticas del sector o intereses propios de la entidad. Cualquier modificaci\u00f3n en la misma ser\u00e1 anunciada con la debida antelaci\u00f3n, con el fin de que se tenga perfecto conocimiento de su contenido.\u00a0<\/p>\t\t\t\t\t\t\t\t<\/div>\n\t\t\t\t<\/div>\n\t\t\t\t\t<\/div>\n\t\t<\/div>\n\t\t\t\t\t<\/div>\n\t\t<\/section>\n\t\t\t\t<\/div>","protected":false},"excerpt":{"rendered":"<p>Pol\u00edtica de privacidad Responsable del tratamiento Hidral Gobel S.L.U.NIF: B-01386218Sede Social: Pol\u00edgono Industrial PARSI, calle 7, n\u00ba 3 \u00b7 41016 \u00b7 Sevilla (Espa\u00f1a) Tel\u00e9fono: +34 91 677 00 95Fax: +34 91 677 12 50E-mail:\u00a0info@hidralgobel.com Finalidad del tratamiento Hidral Gobel S.L.U. se trata la informaci\u00f3n que nos facilita con la finalidad de gestionar la relaci\u00f3n contractual [&hellip;]<\/p>\n","protected":false},"author":1,"featured_media":0,"parent":0,"menu_order":0,"comment_status":"closed","ping_status":"closed","template":"","meta":{"footnotes":""},"class_list":["post-2097","page","type-page","status-publish","hentry"],"yoast_head":"<!-- This site is optimized with the Yoast SEO plugin v27.3 - https:\/\/yoast.com\/product\/yoast-seo-wordpress\/ -->\n<title>Pol\u00edtica de privacidad - Hidral Gobel<\/title>\n<meta name=\"robots\" content=\"index, follow, max-snippet:-1, max-image-preview:large, max-video-preview:-1\" \/>\n<link rel=\"canonical\" href=\"https:\/\/www.hidralgobel.com\/fr\/politica-de-privacidad\/\" \/>\n<meta property=\"og:locale\" content=\"fr_FR\" \/>\n<meta property=\"og:type\" content=\"article\" \/>\n<meta property=\"og:title\" content=\"Pol\u00edtica de privacidad - Hidral Gobel\" \/>\n<meta property=\"og:description\" content=\"Pol\u00edtica de privacidad Responsable del tratamiento Hidral Gobel S.L.U.NIF: B-01386218Sede Social: Pol\u00edgono Industrial PARSI, calle 7, n\u00ba 3 \u00b7 41016 \u00b7 Sevilla (Espa\u00f1a) Tel\u00e9fono: +34 91 677 00 95Fax: +34 91 677 12 50E-mail:\u00a0info@hidralgobel.com Finalidad del tratamiento Hidral Gobel S.L.U. se trata la informaci\u00f3n que nos facilita con la finalidad de gestionar la relaci\u00f3n contractual [&hellip;]\" \/>\n<meta property=\"og:url\" content=\"https:\/\/www.hidralgobel.com\/fr\/politica-de-privacidad\/\" \/>\n<meta property=\"og:site_name\" content=\"Hidral Gobel\" \/>\n<meta property=\"article:modified_time\" content=\"2023-09-19T08:59:42+00:00\" \/>\n<meta name=\"twitter:card\" content=\"summary_large_image\" \/>\n<meta name=\"twitter:label1\" content=\"Dur\u00e9e de lecture estim\u00e9e\" \/>\n\t<meta name=\"twitter:data1\" content=\"3 minutes\" \/>\n<script type=\"application\/ld+json\" class=\"yoast-schema-graph\">{\"@context\":\"https:\\\/\\\/schema.org\",\"@graph\":[{\"@type\":\"WebPage\",\"@id\":\"https:\\\/\\\/www.hidralgobel.com\\\/politica-de-privacidad\\\/\",\"url\":\"https:\\\/\\\/www.hidralgobel.com\\\/politica-de-privacidad\\\/\",\"name\":\"Pol\u00edtica de privacidad - Hidral Gobel\",\"isPartOf\":{\"@id\":\"https:\\\/\\\/www.hidralgobel.com\\\/#website\"},\"datePublished\":\"2023-09-19T08:56:42+00:00\",\"dateModified\":\"2023-09-19T08:59:42+00:00\",\"breadcrumb\":{\"@id\":\"https:\\\/\\\/www.hidralgobel.com\\\/politica-de-privacidad\\\/#breadcrumb\"},\"inLanguage\":\"fr-FR\",\"potentialAction\":[{\"@type\":\"ReadAction\",\"target\":[\"https:\\\/\\\/www.hidralgobel.com\\\/politica-de-privacidad\\\/\"]}]},{\"@type\":\"BreadcrumbList\",\"@id\":\"https:\\\/\\\/www.hidralgobel.com\\\/politica-de-privacidad\\\/#breadcrumb\",\"itemListElement\":[{\"@type\":\"ListItem\",\"position\":1,\"name\":\"Portada\",\"item\":\"https:\\\/\\\/www.hidralgobel.com\\\/\"},{\"@type\":\"ListItem\",\"position\":2,\"name\":\"Pol\u00edtica de privacidad\"}]},{\"@type\":\"WebSite\",\"@id\":\"https:\\\/\\\/www.hidralgobel.com\\\/#website\",\"url\":\"https:\\\/\\\/www.hidralgobel.com\\\/\",\"name\":\"Hidral Gobel\",\"description\":\"Fabricamos soluciones de accesibilidad   para los viajeros con movilidad reducida.\",\"publisher\":{\"@id\":\"https:\\\/\\\/www.hidralgobel.com\\\/#organization\"},\"potentialAction\":[{\"@type\":\"SearchAction\",\"target\":{\"@type\":\"EntryPoint\",\"urlTemplate\":\"https:\\\/\\\/www.hidralgobel.com\\\/?s={search_term_string}\"},\"query-input\":{\"@type\":\"PropertyValueSpecification\",\"valueRequired\":true,\"valueName\":\"search_term_string\"}}],\"inLanguage\":\"fr-FR\"},{\"@type\":\"Organization\",\"@id\":\"https:\\\/\\\/www.hidralgobel.com\\\/#organization\",\"name\":\"Hidral Gobel\",\"url\":\"https:\\\/\\\/www.hidralgobel.com\\\/\",\"logo\":{\"@type\":\"ImageObject\",\"inLanguage\":\"fr-FR\",\"@id\":\"https:\\\/\\\/www.hidralgobel.com\\\/#\\\/schema\\\/logo\\\/image\\\/\",\"url\":\"https:\\\/\\\/www.hidralgobel.com\\\/wp-content\\\/uploads\\\/2023\\\/04\\\/Logotipo-Hidral-Gobel-2023_sin-fondo.png\",\"contentUrl\":\"https:\\\/\\\/www.hidralgobel.com\\\/wp-content\\\/uploads\\\/2023\\\/04\\\/Logotipo-Hidral-Gobel-2023_sin-fondo.png\",\"width\":1754,\"height\":1241,\"caption\":\"Hidral Gobel\"},\"image\":{\"@id\":\"https:\\\/\\\/www.hidralgobel.com\\\/#\\\/schema\\\/logo\\\/image\\\/\"}}]}<\/script>\n<!-- \/ Yoast SEO plugin. -->","yoast_head_json":{"title":"Pol\u00edtica de privacidad - Hidral Gobel","robots":{"index":"index","follow":"follow","max-snippet":"max-snippet:-1","max-image-preview":"max-image-preview:large","max-video-preview":"max-video-preview:-1"},"canonical":"https:\/\/www.hidralgobel.com\/fr\/politica-de-privacidad\/","og_locale":"fr_FR","og_type":"article","og_title":"Pol\u00edtica de privacidad - Hidral Gobel","og_description":"Pol\u00edtica de privacidad Responsable del tratamiento Hidral Gobel S.L.U.NIF: B-01386218Sede Social: Pol\u00edgono Industrial PARSI, calle 7, n\u00ba 3 \u00b7 41016 \u00b7 Sevilla (Espa\u00f1a) Tel\u00e9fono: +34 91 677 00 95Fax: +34 91 677 12 50E-mail:\u00a0info@hidralgobel.com Finalidad del tratamiento Hidral Gobel S.L.U. se trata la informaci\u00f3n que nos facilita con la finalidad de gestionar la relaci\u00f3n contractual [&hellip;]","og_url":"https:\/\/www.hidralgobel.com\/fr\/politica-de-privacidad\/","og_site_name":"Hidral Gobel","article_modified_time":"2023-09-19T08:59:42+00:00","twitter_card":"summary_large_image","twitter_misc":{"Dur\u00e9e de lecture estim\u00e9e":"3 minutes"},"schema":{"@context":"https:\/\/schema.org","@graph":[{"@type":"WebPage","@id":"https:\/\/www.hidralgobel.com\/politica-de-privacidad\/","url":"https:\/\/www.hidralgobel.com\/politica-de-privacidad\/","name":"Pol\u00edtica de privacidad - Hidral Gobel","isPartOf":{"@id":"https:\/\/www.hidralgobel.com\/#website"},"datePublished":"2023-09-19T08:56:42+00:00","dateModified":"2023-09-19T08:59:42+00:00","breadcrumb":{"@id":"https:\/\/www.hidralgobel.com\/politica-de-privacidad\/#breadcrumb"},"inLanguage":"fr-FR","potentialAction":[{"@type":"ReadAction","target":["https:\/\/www.hidralgobel.com\/politica-de-privacidad\/"]}]},{"@type":"BreadcrumbList","@id":"https:\/\/www.hidralgobel.com\/politica-de-privacidad\/#breadcrumb","itemListElement":[{"@type":"ListItem","position":1,"name":"Portada","item":"https:\/\/www.hidralgobel.com\/"},{"@type":"ListItem","position":2,"name":"Pol\u00edtica de privacidad"}]},{"@type":"WebSite","@id":"https:\/\/www.hidralgobel.com\/#website","url":"https:\/\/www.hidralgobel.com\/","name":"Hidral Gobel","description":"Fabricamos soluciones de accesibilidad   para los viajeros con movilidad reducida.","publisher":{"@id":"https:\/\/www.hidralgobel.com\/#organization"},"potentialAction":[{"@type":"SearchAction","target":{"@type":"EntryPoint","urlTemplate":"https:\/\/www.hidralgobel.com\/?s={search_term_string}"},"query-input":{"@type":"PropertyValueSpecification","valueRequired":true,"valueName":"search_term_string"}}],"inLanguage":"fr-FR"},{"@type":"Organization","@id":"https:\/\/www.hidralgobel.com\/#organization","name":"Hidral Gobel","url":"https:\/\/www.hidralgobel.com\/","logo":{"@type":"ImageObject","inLanguage":"fr-FR","@id":"https:\/\/www.hidralgobel.com\/#\/schema\/logo\/image\/","url":"https:\/\/www.hidralgobel.com\/wp-content\/uploads\/2023\/04\/Logotipo-Hidral-Gobel-2023_sin-fondo.png","contentUrl":"https:\/\/www.hidralgobel.com\/wp-content\/uploads\/2023\/04\/Logotipo-Hidral-Gobel-2023_sin-fondo.png","width":1754,"height":1241,"caption":"Hidral Gobel"},"image":{"@id":"https:\/\/www.hidralgobel.com\/#\/schema\/logo\/image\/"}}]}},"_links":{"self":[{"href":"https:\/\/www.hidralgobel.com\/fr\/wp-json\/wp\/v2\/pages\/2097","targetHints":{"allow":["GET"]}}],"collection":[{"href":"https:\/\/www.hidralgobel.com\/fr\/wp-json\/wp\/v2\/pages"}],"about":[{"href":"https:\/\/www.hidralgobel.com\/fr\/wp-json\/wp\/v2\/types\/page"}],"author":[{"embeddable":true,"href":"https:\/\/www.hidralgobel.com\/fr\/wp-json\/wp\/v2\/users\/1"}],"replies":[{"embeddable":true,"href":"https:\/\/www.hidralgobel.com\/fr\/wp-json\/wp\/v2\/comments?post=2097"}],"version-history":[{"count":4,"href":"https:\/\/www.hidralgobel.com\/fr\/wp-json\/wp\/v2\/pages\/2097\/revisions"}],"predecessor-version":[{"id":4775,"href":"https:\/\/www.hidralgobel.com\/fr\/wp-json\/wp\/v2\/pages\/2097\/revisions\/4775"}],"wp:attachment":[{"href":"https:\/\/www.hidralgobel.com\/fr\/wp-json\/wp\/v2\/media?parent=2097"}],"curies":[{"name":"wp","href":"https:\/\/api.w.org\/{rel}","templated":true}]}}