{"id":2104,"date":"2023-09-19T09:01:23","date_gmt":"2023-09-19T09:01:23","guid":{"rendered":"https:\/\/cronicai-cp43.wordpresstemporal.com\/hidral\/?page_id=2104"},"modified":"2023-09-19T09:01:44","modified_gmt":"2023-09-19T09:01:44","slug":"aviso-legal","status":"publish","type":"page","link":"https:\/\/www.hidralgobel.com\/fr\/aviso-legal\/","title":{"rendered":"Avis juridique"},"content":{"rendered":"<div data-elementor-type=\"wp-page\" data-elementor-id=\"2104\" class=\"elementor elementor-2104\" data-elementor-post-type=\"page\">\n\t\t\t\t\t\t<section class=\"elementor-section elementor-top-section elementor-element elementor-element-4ffef17d elementor-section-boxed elementor-section-height-default elementor-section-height-default\" data-id=\"4ffef17d\" data-element_type=\"section\" data-e-type=\"section\">\n\t\t\t\t\t\t<div class=\"elementor-container elementor-column-gap-default\">\n\t\t\t\t\t<div class=\"elementor-column elementor-col-100 elementor-top-column elementor-element elementor-element-6b70c01f\" data-id=\"6b70c01f\" data-element_type=\"column\" data-e-type=\"column\">\n\t\t\t<div class=\"elementor-widget-wrap elementor-element-populated\">\n\t\t\t\t\t\t<div class=\"elementor-element elementor-element-3ae80b46 elementor-widget elementor-widget-heading\" data-id=\"3ae80b46\" data-element_type=\"widget\" data-e-type=\"widget\" data-widget_type=\"heading.default\">\n\t\t\t\t<div class=\"elementor-widget-container\">\n\t\t\t\t\t<h2 class=\"elementor-heading-title elementor-size-default\">Avis juridique<\/h2>\t\t\t\t<\/div>\n\t\t\t\t<\/div>\n\t\t\t\t<div class=\"elementor-element elementor-element-4ca819b5 elementor-widget elementor-widget-spacer\" data-id=\"4ca819b5\" data-element_type=\"widget\" data-e-type=\"widget\" data-widget_type=\"spacer.default\">\n\t\t\t\t<div class=\"elementor-widget-container\">\n\t\t\t\t\t\t\t<div class=\"elementor-spacer\">\n\t\t\t<div class=\"elementor-spacer-inner\"><\/div>\n\t\t<\/div>\n\t\t\t\t\t\t<\/div>\n\t\t\t\t<\/div>\n\t\t\t\t<div class=\"elementor-element elementor-element-22b60362 elementor-widget elementor-widget-text-editor\" data-id=\"22b60362\" data-element_type=\"widget\" data-e-type=\"widget\" data-widget_type=\"text-editor.default\">\n\t\t\t\t<div class=\"elementor-widget-container\">\n\t\t\t\t\t\t\t\t\t<h4>Informaci\u00f3n Legal<\/h4><p><br \/><strong>Datos legales<\/strong><br \/>Hidral Gobel S.L.U.<br \/>NIF: B-01386218<br \/>Sede Social: Pol\u00edgono Industrial PARSI, calle 7, n\u00ba 3 \u00b7 41016 \u00b7 Sevilla (Espa\u00f1a)<\/p><p><br \/><strong>Datos registrales<\/strong><br \/>Registro Mercantil: Sociedad inscrita en el R.M. de Sevilla. Tomo 6.248, Folio 171. Hoja SE- 111.019 inscripci\u00f3n 1\u00aa<br \/>Contactar con Hidral Gobel S.L.U.<br \/>Tel\u00e9fono: +34 91 677 00 95<br \/>Fax: +34 91 677 12 50<br \/>E-mail:\u00a0<a href=\"mailto:info@hidralgobel.com\">info@hidralgobel.com<\/a><\/p><h4><br \/>Condiciones de Uso<\/h4><p><br \/><strong>Condiciones<\/strong><br \/>Hidral Gobel S.L.U. se reserva el derecho a actualizar, modificar o eliminar la informaci\u00f3n contenida en sus p\u00e1ginas web, pudiendo incluso limitar o no permitir el acceso a dicha informaci\u00f3n.<\/p><p>Hidral Gobel S.L.U. es titular de los derechos de propiedad, derechos de propiedad intelectual e industrial de esta web, de sus p\u00e1ginas, pantallas, de la informaci\u00f3n que contienen, de su apariencia y dise\u00f1o, de sus marcas, logos, y de sus productos y servicios, salvo que se especifique otra cosa.<\/p><p>Hidral Gobel S.L.U. proh\u00edbe la copia, duplicaci\u00f3n, redistribuci\u00f3n, comercializaci\u00f3n o cualquier otra actividad con una finalidad o uso p\u00fablico que se pueda realizar con los contenidos de sus p\u00e1ginas web aunque se citen las fuentes, salvo consentimiento por escrito de Hidral Gobel S.L.U.<\/p><p><strong>Responsabilidad<\/strong><\/p><p>Las p\u00e1ginas y contenidos pueden contener errores, inexactitudes u omisiones. Hidral Gobel S.L.U. \u00a0no garantiza la exactitud, integridad o veracidad de los contenidos o de cualquier declaraci\u00f3n u cualquier otra informaci\u00f3n publicada en sus p\u00e1ginas web. Usted acepta que cualquier decisi\u00f3n, una vez hecha esta advertencia, ser\u00e1 asumida por su propia cuenta y riesgo.<\/p><p>Hidral Gobel S.L.U. no se responsabiliza de las posibles discrepancias que puedan surgir entre la versi\u00f3n de sus documentos impresos y la versi\u00f3n electr\u00f3nica de los mismos publicados en sus p\u00e1ginas web.<\/p><p>Hidral Gobel S.L.U. \u00a0no asume responsabilidad por aquellas informaciones o contenidos que no hayan sido creados por Hidral Gobel S.L.U., por lo que no responder\u00e1 frente a aquellos da\u00f1os o perjuicios que puedan derivarse del uso de dicha informaci\u00f3n.<\/p><p>Hidral Gobel S.L.U. no se responsabiliza de da\u00f1os o perjuicios derivados del acceso, uso o mala utilizaci\u00f3n de los contenidos del website.<\/p><p><strong>Enlaces a otros sitios web<\/strong><\/p><p>Hidral Gobel S.L.U. puede proporcionar enlaces a otros sitios web dirigidos por Entidades o personas no relacionadas con Hidral Gobel S.L.U.<\/p><p>Hidral Gobel S.L.U. no es responsable de los contenidos que aparecen publicados en dichos sitios web. Si usted decide visitar alg\u00fan sitio mediante enlace (link), lo har\u00e1 exclusivamente bajo su propio riesgo, y es su responsabilidad tomar todas las medidas de protecci\u00f3n contra virus u otros elementos destructivos.<\/p><p>Hidral Gobel S.L.U. o sus sitios sponsors, o sus asociados est\u00e1n legalmente autorizados a usar marcas registradas, nombres comerciales, logos o s\u00edmbolos de copyright de Hidral Gobel S.L.U. o alguno de sus afiliados o filiales.<\/p><p><strong>Usuarios fuera de Espa\u00f1a y legislaci\u00f3n aplicable<\/strong><\/p><p>Los contenidos de estas p\u00e1ginas web son controlados por Hidral Gobel S.L.U., desde sus oficinas en territorio espa\u00f1ol. Hidral Gobel S.L.U. pone de manifiesto que es posible estos contenidos no sean apropiados o no est\u00e9n disponibles para su uso desde un lugar situado fuera del territorio espa\u00f1ol. El acceso a los contenidos de este web est\u00e1 prohibido desde los territorios en los cuales, seg\u00fan la legislaci\u00f3n vigente en los mismos, son contenidos ilegales. El acceso desde un lugar fuera de Espa\u00f1a estar\u00e1 sujeto al cumplimiento de las leyes aplicables en dicho lugar. Est\u00e1 prohibido el uso de este Sitio web o sus contenidos, cuando esto suponga una violaci\u00f3n de las leyes y dem\u00e1s regulaciones de exportaci\u00f3n de Espa\u00f1a.<\/p><p>Para cualquier controversia o conflicto suscitado en relaci\u00f3n con este Aviso Legal y Condiciones de Uso ser\u00e1n aplicables las leyes espa\u00f1olas.<\/p>\t\t\t\t\t\t\t\t<\/div>\n\t\t\t\t<\/div>\n\t\t\t\t\t<\/div>\n\t\t<\/div>\n\t\t\t\t\t<\/div>\n\t\t<\/section>\n\t\t\t\t<\/div>","protected":false},"excerpt":{"rendered":"<p>Aviso legal Informaci\u00f3n Legal Datos legalesHidral Gobel S.L.U.NIF: B-01386218Sede Social: Pol\u00edgono Industrial PARSI, calle 7, n\u00ba 3 \u00b7 41016 \u00b7 Sevilla (Espa\u00f1a) Datos registralesRegistro Mercantil: Sociedad inscrita en el R.M. de Sevilla. Tomo 6.248, Folio 171. Hoja SE- 111.019 inscripci\u00f3n 1\u00aaContactar con Hidral Gobel S.L.U.Tel\u00e9fono: +34 91 677 00 95Fax: +34 91 677 12 50E-mail:\u00a0info@hidralgobel.com [&hellip;]<\/p>\n","protected":false},"author":1,"featured_media":0,"parent":0,"menu_order":0,"comment_status":"closed","ping_status":"closed","template":"","meta":{"footnotes":""},"class_list":["post-2104","page","type-page","status-publish","hentry"],"yoast_head":"<!-- This site is optimized with the Yoast SEO plugin v27.3 - https:\/\/yoast.com\/product\/yoast-seo-wordpress\/ -->\n<title>Aviso legal - Hidral Gobel<\/title>\n<meta name=\"robots\" content=\"index, follow, max-snippet:-1, max-image-preview:large, max-video-preview:-1\" \/>\n<link rel=\"canonical\" href=\"https:\/\/www.hidralgobel.com\/fr\/aviso-legal\/\" \/>\n<meta property=\"og:locale\" content=\"fr_FR\" \/>\n<meta property=\"og:type\" content=\"article\" \/>\n<meta property=\"og:title\" content=\"Aviso legal - Hidral Gobel\" \/>\n<meta property=\"og:description\" content=\"Aviso legal Informaci\u00f3n Legal Datos legalesHidral Gobel S.L.U.NIF: B-01386218Sede Social: Pol\u00edgono Industrial PARSI, calle 7, n\u00ba 3 \u00b7 41016 \u00b7 Sevilla (Espa\u00f1a) Datos registralesRegistro Mercantil: Sociedad inscrita en el R.M. de Sevilla. Tomo 6.248, Folio 171. Hoja SE- 111.019 inscripci\u00f3n 1\u00aaContactar con Hidral Gobel S.L.U.Tel\u00e9fono: +34 91 677 00 95Fax: +34 91 677 12 50E-mail:\u00a0info@hidralgobel.com [&hellip;]\" \/>\n<meta property=\"og:url\" content=\"https:\/\/www.hidralgobel.com\/fr\/aviso-legal\/\" \/>\n<meta property=\"og:site_name\" content=\"Hidral Gobel\" \/>\n<meta property=\"article:modified_time\" content=\"2023-09-19T09:01:44+00:00\" \/>\n<meta name=\"twitter:card\" content=\"summary_large_image\" \/>\n<meta name=\"twitter:label1\" content=\"Dur\u00e9e de lecture estim\u00e9e\" \/>\n\t<meta name=\"twitter:data1\" content=\"3 minutes\" \/>\n<script type=\"application\/ld+json\" class=\"yoast-schema-graph\">{\"@context\":\"https:\\\/\\\/schema.org\",\"@graph\":[{\"@type\":\"WebPage\",\"@id\":\"https:\\\/\\\/www.hidralgobel.com\\\/aviso-legal\\\/\",\"url\":\"https:\\\/\\\/www.hidralgobel.com\\\/aviso-legal\\\/\",\"name\":\"Aviso legal - Hidral Gobel\",\"isPartOf\":{\"@id\":\"https:\\\/\\\/www.hidralgobel.com\\\/#website\"},\"datePublished\":\"2023-09-19T09:01:23+00:00\",\"dateModified\":\"2023-09-19T09:01:44+00:00\",\"breadcrumb\":{\"@id\":\"https:\\\/\\\/www.hidralgobel.com\\\/aviso-legal\\\/#breadcrumb\"},\"inLanguage\":\"fr-FR\",\"potentialAction\":[{\"@type\":\"ReadAction\",\"target\":[\"https:\\\/\\\/www.hidralgobel.com\\\/aviso-legal\\\/\"]}]},{\"@type\":\"BreadcrumbList\",\"@id\":\"https:\\\/\\\/www.hidralgobel.com\\\/aviso-legal\\\/#breadcrumb\",\"itemListElement\":[{\"@type\":\"ListItem\",\"position\":1,\"name\":\"Portada\",\"item\":\"https:\\\/\\\/www.hidralgobel.com\\\/\"},{\"@type\":\"ListItem\",\"position\":2,\"name\":\"Aviso legal\"}]},{\"@type\":\"WebSite\",\"@id\":\"https:\\\/\\\/www.hidralgobel.com\\\/#website\",\"url\":\"https:\\\/\\\/www.hidralgobel.com\\\/\",\"name\":\"Hidral Gobel\",\"description\":\"Fabricamos soluciones de accesibilidad   para los viajeros con movilidad reducida.\",\"publisher\":{\"@id\":\"https:\\\/\\\/www.hidralgobel.com\\\/#organization\"},\"potentialAction\":[{\"@type\":\"SearchAction\",\"target\":{\"@type\":\"EntryPoint\",\"urlTemplate\":\"https:\\\/\\\/www.hidralgobel.com\\\/?s={search_term_string}\"},\"query-input\":{\"@type\":\"PropertyValueSpecification\",\"valueRequired\":true,\"valueName\":\"search_term_string\"}}],\"inLanguage\":\"fr-FR\"},{\"@type\":\"Organization\",\"@id\":\"https:\\\/\\\/www.hidralgobel.com\\\/#organization\",\"name\":\"Hidral Gobel\",\"url\":\"https:\\\/\\\/www.hidralgobel.com\\\/\",\"logo\":{\"@type\":\"ImageObject\",\"inLanguage\":\"fr-FR\",\"@id\":\"https:\\\/\\\/www.hidralgobel.com\\\/#\\\/schema\\\/logo\\\/image\\\/\",\"url\":\"https:\\\/\\\/www.hidralgobel.com\\\/wp-content\\\/uploads\\\/2023\\\/04\\\/Logotipo-Hidral-Gobel-2023_sin-fondo.png\",\"contentUrl\":\"https:\\\/\\\/www.hidralgobel.com\\\/wp-content\\\/uploads\\\/2023\\\/04\\\/Logotipo-Hidral-Gobel-2023_sin-fondo.png\",\"width\":1754,\"height\":1241,\"caption\":\"Hidral Gobel\"},\"image\":{\"@id\":\"https:\\\/\\\/www.hidralgobel.com\\\/#\\\/schema\\\/logo\\\/image\\\/\"}}]}<\/script>\n<!-- \/ Yoast SEO plugin. -->","yoast_head_json":{"title":"Aviso legal - Hidral Gobel","robots":{"index":"index","follow":"follow","max-snippet":"max-snippet:-1","max-image-preview":"max-image-preview:large","max-video-preview":"max-video-preview:-1"},"canonical":"https:\/\/www.hidralgobel.com\/fr\/aviso-legal\/","og_locale":"fr_FR","og_type":"article","og_title":"Aviso legal - Hidral Gobel","og_description":"Aviso legal Informaci\u00f3n Legal Datos legalesHidral Gobel S.L.U.NIF: B-01386218Sede Social: Pol\u00edgono Industrial PARSI, calle 7, n\u00ba 3 \u00b7 41016 \u00b7 Sevilla (Espa\u00f1a) Datos registralesRegistro Mercantil: Sociedad inscrita en el R.M. de Sevilla. Tomo 6.248, Folio 171. Hoja SE- 111.019 inscripci\u00f3n 1\u00aaContactar con Hidral Gobel S.L.U.Tel\u00e9fono: +34 91 677 00 95Fax: +34 91 677 12 50E-mail:\u00a0info@hidralgobel.com [&hellip;]","og_url":"https:\/\/www.hidralgobel.com\/fr\/aviso-legal\/","og_site_name":"Hidral Gobel","article_modified_time":"2023-09-19T09:01:44+00:00","twitter_card":"summary_large_image","twitter_misc":{"Dur\u00e9e de lecture estim\u00e9e":"3 minutes"},"schema":{"@context":"https:\/\/schema.org","@graph":[{"@type":"WebPage","@id":"https:\/\/www.hidralgobel.com\/aviso-legal\/","url":"https:\/\/www.hidralgobel.com\/aviso-legal\/","name":"Aviso legal - Hidral Gobel","isPartOf":{"@id":"https:\/\/www.hidralgobel.com\/#website"},"datePublished":"2023-09-19T09:01:23+00:00","dateModified":"2023-09-19T09:01:44+00:00","breadcrumb":{"@id":"https:\/\/www.hidralgobel.com\/aviso-legal\/#breadcrumb"},"inLanguage":"fr-FR","potentialAction":[{"@type":"ReadAction","target":["https:\/\/www.hidralgobel.com\/aviso-legal\/"]}]},{"@type":"BreadcrumbList","@id":"https:\/\/www.hidralgobel.com\/aviso-legal\/#breadcrumb","itemListElement":[{"@type":"ListItem","position":1,"name":"Portada","item":"https:\/\/www.hidralgobel.com\/"},{"@type":"ListItem","position":2,"name":"Aviso legal"}]},{"@type":"WebSite","@id":"https:\/\/www.hidralgobel.com\/#website","url":"https:\/\/www.hidralgobel.com\/","name":"Hidral Gobel","description":"Fabricamos soluciones de accesibilidad   para los viajeros con movilidad reducida.","publisher":{"@id":"https:\/\/www.hidralgobel.com\/#organization"},"potentialAction":[{"@type":"SearchAction","target":{"@type":"EntryPoint","urlTemplate":"https:\/\/www.hidralgobel.com\/?s={search_term_string}"},"query-input":{"@type":"PropertyValueSpecification","valueRequired":true,"valueName":"search_term_string"}}],"inLanguage":"fr-FR"},{"@type":"Organization","@id":"https:\/\/www.hidralgobel.com\/#organization","name":"Hidral Gobel","url":"https:\/\/www.hidralgobel.com\/","logo":{"@type":"ImageObject","inLanguage":"fr-FR","@id":"https:\/\/www.hidralgobel.com\/#\/schema\/logo\/image\/","url":"https:\/\/www.hidralgobel.com\/wp-content\/uploads\/2023\/04\/Logotipo-Hidral-Gobel-2023_sin-fondo.png","contentUrl":"https:\/\/www.hidralgobel.com\/wp-content\/uploads\/2023\/04\/Logotipo-Hidral-Gobel-2023_sin-fondo.png","width":1754,"height":1241,"caption":"Hidral Gobel"},"image":{"@id":"https:\/\/www.hidralgobel.com\/#\/schema\/logo\/image\/"}}]}},"_links":{"self":[{"href":"https:\/\/www.hidralgobel.com\/fr\/wp-json\/wp\/v2\/pages\/2104","targetHints":{"allow":["GET"]}}],"collection":[{"href":"https:\/\/www.hidralgobel.com\/fr\/wp-json\/wp\/v2\/pages"}],"about":[{"href":"https:\/\/www.hidralgobel.com\/fr\/wp-json\/wp\/v2\/types\/page"}],"author":[{"embeddable":true,"href":"https:\/\/www.hidralgobel.com\/fr\/wp-json\/wp\/v2\/users\/1"}],"replies":[{"embeddable":true,"href":"https:\/\/www.hidralgobel.com\/fr\/wp-json\/wp\/v2\/comments?post=2104"}],"version-history":[{"count":5,"href":"https:\/\/www.hidralgobel.com\/fr\/wp-json\/wp\/v2\/pages\/2104\/revisions"}],"predecessor-version":[{"id":2152,"href":"https:\/\/www.hidralgobel.com\/fr\/wp-json\/wp\/v2\/pages\/2104\/revisions\/2152"}],"wp:attachment":[{"href":"https:\/\/www.hidralgobel.com\/fr\/wp-json\/wp\/v2\/media?parent=2104"}],"curies":[{"name":"wp","href":"https:\/\/api.w.org\/{rel}","templated":true}]}}